{"id":968,"date":"2023-05-25T11:06:40","date_gmt":"2023-05-25T15:06:40","guid":{"rendered":"http:\/\/localhost:8080\/?page_id=968"},"modified":"2023-06-27T11:05:48","modified_gmt":"2023-06-27T15:05:48","slug":"preguntas-frecuentes","status":"publish","type":"page","link":"https:\/\/lakpa.cl\/en\/centro-de-ayuda\/preguntas-frecuentes\/","title":{"rendered":"Preguntas frecuentes"},"content":{"rendered":"<p>Preguntas frecuentes Revisa cada una de nuestras preguntas para que puedas aclarar tus dudas. Asesores \u00bfLAKPA es una entidad fiscalizada por la CMF? Lakpa es una instituci\u00f3n regulada por la Comisi\u00f3n para el Mercado Financiero (CMF), a trav\u00e9s de la Ley Fintech. Contamos con el registro N\u00b015 el cual puedes revisar en el registro de prestadores de servicios financieros en <a href=\"www.cmfchile.cl\" target=\"_blank\" rel=\"noopener noreferrer\">www.cmfchile.cl<\/a> \u00bfEn LAKPA manejan dinero? En LAKPA NO administramos dinero, los recursos van directo a las instituciones donde los clientes mantienen sus cuentas de inversi\u00f3n. \u00bfC\u00f3mo se remunera LAKPA? Son las instituciones financieras quienes retribuyen nuestro servicio de referenciamiento. 60 \u00bfQu\u00e9 beneficios tiene ser un Partner \/ Asesor Financiero LAKPA? Los principales beneficios que te brindar\u00e1 LAKPA son el soporte y respaldo, apoyado por el desarrollo tecnol\u00f3gico. Podr\u00e1s gestionar, consolidar y hacer seguimiento a todos tus clientes. \u00bfQu\u00e9 requisitos necesito para ser Asesor Financiero Independiente en LAKPA? Para ser un Asesor Financiero en LAKPA, tienes que estar acreditado por la CAMV, cumplir los requisitos de compliance y ser registrable ante la CMF. Como Asesor Financiero Independiente, \u00bfQu\u00e9 obtengo de parte de LAKPA? Ganar\u00e1s la libertad de ofrecer los mejores productos del mercado, acceso a todo el conocimiento del mercado financiero, lo que fomentar\u00e1 construir relaciones de largo plazo con tus clientes. Clientes \u00bfA trav\u00e9s de qui\u00e9n puedo invertir? En LAKPA contamos con m\u00e1s de 20 acuerdos comerciales con instituciones reguladas en Chile y el extranjero. Puedes revisar todos nuestros acuerdos en la secci\u00f3n de Alianzas. \u00bfQu\u00e9 beneficios tiene ser un Cliente en LAKPA? Podr\u00e1s ser atendido por <strong>tu asesor de confianza<\/strong> indistinta la instituci\u00f3n donde mantengas tu cuenta de inversi\u00f3n, adem\u00e1s podr\u00e1s acceder a los mejores productos y soluciones del mercado. Tambi\u00e9n podr\u00e1s consolidar en un mismo lugar diferentes cuentas y no tendr\u00e1s que pagar extra por este servicio. \u00bfPor qu\u00e9 es mejor tener un asesor independiente? En LAKPA al no tener productos propios, queremos que nuestros asesores independientes te recomienden la mejor y m\u00e1s amplia alternativa de productos disponibles en el mercado seg\u00fan tu perfil de riesgo y necesidades. Inversiones \u00bfQu\u00e9 instrumentos encuentro LAKPA? En LAKPA encontrar\u00e1s la m\u00e1s amplia oferta de fondos mutuos, fondos de inversi\u00f3n, ETF, acciones, monedas y diferentes alternativas de inversi\u00f3n en el extranjero. \u00bfSe cobra dinero extra si se invierte con LAKPA? No cobramos adicional. En LAKPA contamos con acuerdos comerciales y son las instituciones quienes nos retribuyen. \u00bfHay un monto m\u00ednimo para invertir? No hay m\u00ednimos, puedes invertir lo que quieras a trav\u00e9s de un Asesor LAKPA de tu confianza. \u00bfPuedo aperturar cuenta en m\u00e1s de una instituci\u00f3n? S\u00ed, puedes tener tantas cuentas de inversi\u00f3n como quieras sin la necesidad de tener un monto m\u00ednimo para poder hacerlo. \u00bfLos clientes pueden operar directamente a trav\u00e9s de la plataforma? Los clientes podr\u00e1n operar a trav\u00e9s de su asesor financiero independiente, pero no podr\u00e1n hacerlo de manera directa.<\/p>\n","protected":false},"excerpt":{"rendered":"<p>Preguntas frecuentes Revisa cada una de nuestras preguntas para que puedas aclarar tus dudas. Asesores \u00bfLAKPA es una entidad fiscalizada por la CMF? Lakpa es una instituci\u00f3n regulada por la Comisi\u00f3n para el Mercado Financiero (CMF), a trav\u00e9s de la Ley Fintech. Contamos con el registro N\u00b015 el cual puedes revisar en el registro de [&hellip;]<\/p>\n","protected":false},"author":1,"featured_media":0,"parent":886,"menu_order":2,"comment_status":"closed","ping_status":"closed","template":"modules-template","meta":[],"acf":[],"yoast_head":"<!-- This site is optimized with the Yoast SEO plugin v20.8 - https:\/\/yoast.com\/wordpress\/plugins\/seo\/ -->\n<title>Preguntas frecuentes - Lakpa<\/title>\n<meta name=\"robots\" content=\"index, follow, max-snippet:-1, max-image-preview:large, max-video-preview:-1\" \/>\n<link rel=\"canonical\" href=\"https:\/\/lakpa.cl\/centro-de-ayuda\/preguntas-frecuentes\/\" \/>\n<meta property=\"og:locale\" content=\"en_US\" \/>\n<meta property=\"og:type\" content=\"article\" \/>\n<meta property=\"og:title\" content=\"Preguntas frecuentes - Lakpa\" \/>\n<meta property=\"og:description\" content=\"Preguntas frecuentes Revisa cada una de nuestras preguntas para que puedas aclarar tus dudas. Asesores \u00bfLAKPA es una entidad fiscalizada por la CMF? Lakpa es una instituci\u00f3n regulada por la Comisi\u00f3n para el Mercado Financiero (CMF), a trav\u00e9s de la Ley Fintech. Contamos con el registro N\u00b015 el cual puedes revisar en el registro de [&hellip;]\" \/>\n<meta property=\"og:url\" content=\"https:\/\/lakpa.cl\/centro-de-ayuda\/preguntas-frecuentes\/\" \/>\n<meta property=\"og:site_name\" content=\"Lakpa\" \/>\n<meta property=\"article:modified_time\" content=\"2023-06-27T15:05:48+00:00\" \/>\n<meta name=\"twitter:card\" content=\"summary_large_image\" \/>\n<meta name=\"twitter:label1\" content=\"Est. reading time\" \/>\n\t<meta name=\"twitter:data1\" content=\"3 minutes\" \/>\n<script type=\"application\/ld+json\" class=\"yoast-schema-graph\">{\"@context\":\"https:\/\/schema.org\",\"@graph\":[{\"@type\":\"WebPage\",\"@id\":\"https:\/\/lakpa.cl\/centro-de-ayuda\/preguntas-frecuentes\/\",\"url\":\"https:\/\/lakpa.cl\/centro-de-ayuda\/preguntas-frecuentes\/\",\"name\":\"Preguntas frecuentes - Lakpa\",\"isPartOf\":{\"@id\":\"https:\/\/lakpa.cl\/#website\"},\"datePublished\":\"2023-05-25T15:06:40+00:00\",\"dateModified\":\"2023-06-27T15:05:48+00:00\",\"breadcrumb\":{\"@id\":\"https:\/\/lakpa.cl\/centro-de-ayuda\/preguntas-frecuentes\/#breadcrumb\"},\"inLanguage\":\"en-US\",\"potentialAction\":[{\"@type\":\"ReadAction\",\"target\":[\"https:\/\/lakpa.cl\/centro-de-ayuda\/preguntas-frecuentes\/\"]}]},{\"@type\":\"BreadcrumbList\",\"@id\":\"https:\/\/lakpa.cl\/centro-de-ayuda\/preguntas-frecuentes\/#breadcrumb\",\"itemListElement\":[{\"@type\":\"ListItem\",\"position\":1,\"name\":\"Inicio\",\"item\":\"https:\/\/lakpa.cl\/\"},{\"@type\":\"ListItem\",\"position\":2,\"name\":\"Centro de ayuda\",\"item\":\"https:\/\/lakpa.cl\/centro-de-ayuda\/\"},{\"@type\":\"ListItem\",\"position\":3,\"name\":\"Preguntas frecuentes\"}]},{\"@type\":\"WebSite\",\"@id\":\"https:\/\/lakpa.cl\/#website\",\"url\":\"https:\/\/lakpa.cl\/\",\"name\":\"Lakpa\",\"description\":\"\",\"potentialAction\":[{\"@type\":\"SearchAction\",\"target\":{\"@type\":\"EntryPoint\",\"urlTemplate\":\"https:\/\/lakpa.cl\/?s={search_term_string}\"},\"query-input\":\"required name=search_term_string\"}],\"inLanguage\":\"en-US\"}]}<\/script>\n<!-- \/ Yoast SEO plugin. -->","yoast_head_json":{"title":"Preguntas frecuentes - Lakpa","robots":{"index":"index","follow":"follow","max-snippet":"max-snippet:-1","max-image-preview":"max-image-preview:large","max-video-preview":"max-video-preview:-1"},"canonical":"https:\/\/lakpa.cl\/centro-de-ayuda\/preguntas-frecuentes\/","og_locale":"en_US","og_type":"article","og_title":"Preguntas frecuentes - Lakpa","og_description":"Preguntas frecuentes Revisa cada una de nuestras preguntas para que puedas aclarar tus dudas. Asesores \u00bfLAKPA es una entidad fiscalizada por la CMF? Lakpa es una instituci\u00f3n regulada por la Comisi\u00f3n para el Mercado Financiero (CMF), a trav\u00e9s de la Ley Fintech. Contamos con el registro N\u00b015 el cual puedes revisar en el registro de [&hellip;]","og_url":"https:\/\/lakpa.cl\/centro-de-ayuda\/preguntas-frecuentes\/","og_site_name":"Lakpa","article_modified_time":"2023-06-27T15:05:48+00:00","twitter_card":"summary_large_image","twitter_misc":{"Est. reading time":"3 minutes"},"schema":{"@context":"https:\/\/schema.org","@graph":[{"@type":"WebPage","@id":"https:\/\/lakpa.cl\/centro-de-ayuda\/preguntas-frecuentes\/","url":"https:\/\/lakpa.cl\/centro-de-ayuda\/preguntas-frecuentes\/","name":"Preguntas frecuentes - Lakpa","isPartOf":{"@id":"https:\/\/lakpa.cl\/#website"},"datePublished":"2023-05-25T15:06:40+00:00","dateModified":"2023-06-27T15:05:48+00:00","breadcrumb":{"@id":"https:\/\/lakpa.cl\/centro-de-ayuda\/preguntas-frecuentes\/#breadcrumb"},"inLanguage":"en-US","potentialAction":[{"@type":"ReadAction","target":["https:\/\/lakpa.cl\/centro-de-ayuda\/preguntas-frecuentes\/"]}]},{"@type":"BreadcrumbList","@id":"https:\/\/lakpa.cl\/centro-de-ayuda\/preguntas-frecuentes\/#breadcrumb","itemListElement":[{"@type":"ListItem","position":1,"name":"Inicio","item":"https:\/\/lakpa.cl\/"},{"@type":"ListItem","position":2,"name":"Centro de ayuda","item":"https:\/\/lakpa.cl\/centro-de-ayuda\/"},{"@type":"ListItem","position":3,"name":"Preguntas frecuentes"}]},{"@type":"WebSite","@id":"https:\/\/lakpa.cl\/#website","url":"https:\/\/lakpa.cl\/","name":"Lakpa","description":"","potentialAction":[{"@type":"SearchAction","target":{"@type":"EntryPoint","urlTemplate":"https:\/\/lakpa.cl\/?s={search_term_string}"},"query-input":"required name=search_term_string"}],"inLanguage":"en-US"}]}},"_links":{"self":[{"href":"https:\/\/lakpa.cl\/en\/wp-json\/wp\/v2\/pages\/968"}],"collection":[{"href":"https:\/\/lakpa.cl\/en\/wp-json\/wp\/v2\/pages"}],"about":[{"href":"https:\/\/lakpa.cl\/en\/wp-json\/wp\/v2\/types\/page"}],"author":[{"embeddable":true,"href":"https:\/\/lakpa.cl\/en\/wp-json\/wp\/v2\/users\/1"}],"replies":[{"embeddable":true,"href":"https:\/\/lakpa.cl\/en\/wp-json\/wp\/v2\/comments?post=968"}],"version-history":[{"count":10,"href":"https:\/\/lakpa.cl\/en\/wp-json\/wp\/v2\/pages\/968\/revisions"}],"predecessor-version":[{"id":1687,"href":"https:\/\/lakpa.cl\/en\/wp-json\/wp\/v2\/pages\/968\/revisions\/1687"}],"up":[{"embeddable":true,"href":"https:\/\/lakpa.cl\/en\/wp-json\/wp\/v2\/pages\/886"}],"wp:attachment":[{"href":"https:\/\/lakpa.cl\/en\/wp-json\/wp\/v2\/media?parent=968"}],"curies":[{"name":"wp","href":"https:\/\/api.w.org\/{rel}","templated":true}]}}