{"id":886,"date":"2023-05-24T11:15:28","date_gmt":"2023-05-24T15:15:28","guid":{"rendered":"http:\/\/localhost:8080\/?page_id=886"},"modified":"2025-01-15T15:21:56","modified_gmt":"2025-01-15T19:21:56","slug":"centro-de-ayuda","status":"publish","type":"page","link":"https:\/\/lakpa.cl\/en\/centro-de-ayuda\/","title":{"rendered":"Centro de ayuda"},"content":{"rendered":"<p>90 Centro de ayuda Escoge el canal que m\u00e1s te acomode para ayudarte a resolver tus dudas Av Santa Mar\u00eda 8598, Vitacura.<\/p>\n<p>Chile Nuestra Red Social Escr\u00edbenos \u00bfQuieres ser un asesor LAKPA? Transf\u00f3rmate en un asesor LAKPA \u00bfQuieres que te asesoremos? Formulario clientes LAKPA Preguntas frecuentes Reclamaciones<\/p>\n","protected":false},"excerpt":{"rendered":"<p>90 Centro de ayuda Escoge el canal que m\u00e1s te acomode para ayudarte a resolver tus dudas Av Santa Mar\u00eda 8598, Vitacura. Chile Nuestra Red Social Escr\u00edbenos \u00bfQuieres ser un asesor LAKPA? Transf\u00f3rmate en un asesor LAKPA \u00bfQuieres que te asesoremos? Formulario clientes LAKPA Preguntas frecuentes Reclamaciones<\/p>\n","protected":false},"author":1,"featured_media":0,"parent":0,"menu_order":0,"comment_status":"closed","ping_status":"closed","template":"modules-template","meta":[],"acf":[],"yoast_head":"<!-- This site is optimized with the Yoast SEO plugin v20.8 - https:\/\/yoast.com\/wordpress\/plugins\/seo\/ -->\n<title>Centro de ayuda - Lakpa<\/title>\n<meta name=\"robots\" content=\"index, follow, max-snippet:-1, max-image-preview:large, max-video-preview:-1\" \/>\n<link rel=\"canonical\" href=\"https:\/\/lakpa.cl\/centro-de-ayuda\/\" \/>\n<meta property=\"og:locale\" content=\"en_US\" \/>\n<meta property=\"og:type\" content=\"article\" \/>\n<meta property=\"og:title\" content=\"Centro de ayuda - Lakpa\" \/>\n<meta property=\"og:description\" content=\"90 Centro de ayuda Escoge el canal que m\u00e1s te acomode para ayudarte a resolver tus dudas Av Santa Mar\u00eda 8598, Vitacura. Chile Nuestra Red Social Escr\u00edbenos \u00bfQuieres ser un asesor LAKPA? Transf\u00f3rmate en un asesor LAKPA \u00bfQuieres que te asesoremos? Formulario clientes LAKPA Preguntas frecuentes Reclamaciones\" \/>\n<meta property=\"og:url\" content=\"https:\/\/lakpa.cl\/centro-de-ayuda\/\" \/>\n<meta property=\"og:site_name\" content=\"Lakpa\" \/>\n<meta property=\"article:modified_time\" content=\"2025-01-15T19:21:56+00:00\" \/>\n<meta name=\"twitter:card\" content=\"summary_large_image\" \/>\n<meta name=\"twitter:label1\" content=\"Est. reading time\" \/>\n\t<meta name=\"twitter:data1\" content=\"1 minute\" \/>\n<script type=\"application\/ld+json\" class=\"yoast-schema-graph\">{\"@context\":\"https:\/\/schema.org\",\"@graph\":[{\"@type\":\"WebPage\",\"@id\":\"https:\/\/lakpa.cl\/centro-de-ayuda\/\",\"url\":\"https:\/\/lakpa.cl\/centro-de-ayuda\/\",\"name\":\"Centro de ayuda - Lakpa\",\"isPartOf\":{\"@id\":\"https:\/\/lakpa.cl\/#website\"},\"datePublished\":\"2023-05-24T15:15:28+00:00\",\"dateModified\":\"2025-01-15T19:21:56+00:00\",\"breadcrumb\":{\"@id\":\"https:\/\/lakpa.cl\/centro-de-ayuda\/#breadcrumb\"},\"inLanguage\":\"en-US\",\"potentialAction\":[{\"@type\":\"ReadAction\",\"target\":[\"https:\/\/lakpa.cl\/centro-de-ayuda\/\"]}]},{\"@type\":\"BreadcrumbList\",\"@id\":\"https:\/\/lakpa.cl\/centro-de-ayuda\/#breadcrumb\",\"itemListElement\":[{\"@type\":\"ListItem\",\"position\":1,\"name\":\"Inicio\",\"item\":\"https:\/\/lakpa.cl\/\"},{\"@type\":\"ListItem\",\"position\":2,\"name\":\"Centro de ayuda\"}]},{\"@type\":\"WebSite\",\"@id\":\"https:\/\/lakpa.cl\/#website\",\"url\":\"https:\/\/lakpa.cl\/\",\"name\":\"Lakpa\",\"description\":\"\",\"potentialAction\":[{\"@type\":\"SearchAction\",\"target\":{\"@type\":\"EntryPoint\",\"urlTemplate\":\"https:\/\/lakpa.cl\/?s={search_term_string}\"},\"query-input\":\"required name=search_term_string\"}],\"inLanguage\":\"en-US\"}]}<\/script>\n<!-- \/ Yoast SEO plugin. -->","yoast_head_json":{"title":"Centro de ayuda - Lakpa","robots":{"index":"index","follow":"follow","max-snippet":"max-snippet:-1","max-image-preview":"max-image-preview:large","max-video-preview":"max-video-preview:-1"},"canonical":"https:\/\/lakpa.cl\/centro-de-ayuda\/","og_locale":"en_US","og_type":"article","og_title":"Centro de ayuda - Lakpa","og_description":"90 Centro de ayuda Escoge el canal que m\u00e1s te acomode para ayudarte a resolver tus dudas Av Santa Mar\u00eda 8598, Vitacura. Chile Nuestra Red Social Escr\u00edbenos \u00bfQuieres ser un asesor LAKPA? Transf\u00f3rmate en un asesor LAKPA \u00bfQuieres que te asesoremos? Formulario clientes LAKPA Preguntas frecuentes Reclamaciones","og_url":"https:\/\/lakpa.cl\/centro-de-ayuda\/","og_site_name":"Lakpa","article_modified_time":"2025-01-15T19:21:56+00:00","twitter_card":"summary_large_image","twitter_misc":{"Est. reading time":"1 minute"},"schema":{"@context":"https:\/\/schema.org","@graph":[{"@type":"WebPage","@id":"https:\/\/lakpa.cl\/centro-de-ayuda\/","url":"https:\/\/lakpa.cl\/centro-de-ayuda\/","name":"Centro de ayuda - Lakpa","isPartOf":{"@id":"https:\/\/lakpa.cl\/#website"},"datePublished":"2023-05-24T15:15:28+00:00","dateModified":"2025-01-15T19:21:56+00:00","breadcrumb":{"@id":"https:\/\/lakpa.cl\/centro-de-ayuda\/#breadcrumb"},"inLanguage":"en-US","potentialAction":[{"@type":"ReadAction","target":["https:\/\/lakpa.cl\/centro-de-ayuda\/"]}]},{"@type":"BreadcrumbList","@id":"https:\/\/lakpa.cl\/centro-de-ayuda\/#breadcrumb","itemListElement":[{"@type":"ListItem","position":1,"name":"Inicio","item":"https:\/\/lakpa.cl\/"},{"@type":"ListItem","position":2,"name":"Centro de ayuda"}]},{"@type":"WebSite","@id":"https:\/\/lakpa.cl\/#website","url":"https:\/\/lakpa.cl\/","name":"Lakpa","description":"","potentialAction":[{"@type":"SearchAction","target":{"@type":"EntryPoint","urlTemplate":"https:\/\/lakpa.cl\/?s={search_term_string}"},"query-input":"required name=search_term_string"}],"inLanguage":"en-US"}]}},"_links":{"self":[{"href":"https:\/\/lakpa.cl\/en\/wp-json\/wp\/v2\/pages\/886"}],"collection":[{"href":"https:\/\/lakpa.cl\/en\/wp-json\/wp\/v2\/pages"}],"about":[{"href":"https:\/\/lakpa.cl\/en\/wp-json\/wp\/v2\/types\/page"}],"author":[{"embeddable":true,"href":"https:\/\/lakpa.cl\/en\/wp-json\/wp\/v2\/users\/1"}],"replies":[{"embeddable":true,"href":"https:\/\/lakpa.cl\/en\/wp-json\/wp\/v2\/comments?post=886"}],"version-history":[{"count":16,"href":"https:\/\/lakpa.cl\/en\/wp-json\/wp\/v2\/pages\/886\/revisions"}],"predecessor-version":[{"id":1952,"href":"https:\/\/lakpa.cl\/en\/wp-json\/wp\/v2\/pages\/886\/revisions\/1952"}],"wp:attachment":[{"href":"https:\/\/lakpa.cl\/en\/wp-json\/wp\/v2\/media?parent=886"}],"curies":[{"name":"wp","href":"https:\/\/api.w.org\/{rel}","templated":true}]}}