{"id":560,"date":"2023-05-17T16:35:57","date_gmt":"2023-05-17T20:35:57","guid":{"rendered":"http:\/\/localhost:8080\/?page_id=560"},"modified":"2023-06-27T09:49:20","modified_gmt":"2023-06-27T13:49:20","slug":"asesores","status":"publish","type":"page","link":"https:\/\/lakpa.cl\/en\/asesores\/","title":{"rendered":"Asesores"},"content":{"rendered":"<p>Asesores \u00a1Transf\u00f3rmate en un asesor LAKPA! Capitaliza tu experiencia La independencia es una tendencia global  en la asesor\u00eda financiera. En LAKPA sabemos el valor de tu trabajo, sabemos c\u00f3mo potenciarlo y agregar valor a tus clientes.  <\/p>\n<div>\n<div>Beneficios de independizarte con LAKPA<\/div>\n<\/div>\n<p> Desarrollo tecnol\u00f3gico Nuestra plataforma permite consolidar, gestionar y hacer seguimiento a todos tus clientes sin importar la instituci\u00f3n donde mantengan su cuenta. Libertad Contar\u00e1s con la libertad de ofrecer los mejores productos del mercado para cumplir con los objetivos de tus clientes. No faltar\u00e1 tema, tu cliente lo valorar\u00e1. Conocimiento Tendr\u00e1s acceso a todo el conocimiento del mercado. Lo que fomentar\u00e1 lo que mejor sabes hacer, relacionarse y construir relaciones de largo plazo con clientes. 90 La plataforma En LAKPA desarrollamos una plataforma \u00fanica y exclusiva para los asesores y clientes. \u00bfPor qu\u00e9 transformarte en un asesor LAKPA?  Quiero ser un asesor LAKPA Transf\u00f3rmate en un asesor LAKPA<\/p>\n","protected":false},"excerpt":{"rendered":"<p>Asesores \u00a1Transf\u00f3rmate en un asesor LAKPA! Capitaliza tu experiencia La independencia es una tendencia global en la asesor\u00eda financiera. En LAKPA sabemos el valor de tu trabajo, sabemos c\u00f3mo potenciarlo y agregar valor a tus clientes. Beneficios de independizarte con LAKPA Desarrollo tecnol\u00f3gico Nuestra plataforma permite consolidar, gestionar y hacer seguimiento a todos tus clientes [&hellip;]<\/p>\n","protected":false},"author":1,"featured_media":0,"parent":0,"menu_order":0,"comment_status":"closed","ping_status":"closed","template":"modules-template","meta":[],"acf":[],"yoast_head":"<!-- This site is optimized with the Yoast SEO plugin v20.8 - https:\/\/yoast.com\/wordpress\/plugins\/seo\/ -->\n<title>Asesores - Lakpa<\/title>\n<meta name=\"robots\" content=\"index, follow, max-snippet:-1, max-image-preview:large, max-video-preview:-1\" \/>\n<link rel=\"canonical\" href=\"https:\/\/lakpa.cl\/asesores\/\" \/>\n<meta property=\"og:locale\" content=\"en_US\" \/>\n<meta property=\"og:type\" content=\"article\" \/>\n<meta property=\"og:title\" content=\"Asesores - Lakpa\" \/>\n<meta property=\"og:description\" content=\"Asesores \u00a1Transf\u00f3rmate en un asesor LAKPA! Capitaliza tu experiencia La independencia es una tendencia global en la asesor\u00eda financiera. En LAKPA sabemos el valor de tu trabajo, sabemos c\u00f3mo potenciarlo y agregar valor a tus clientes. Beneficios de independizarte con LAKPA Desarrollo tecnol\u00f3gico Nuestra plataforma permite consolidar, gestionar y hacer seguimiento a todos tus clientes [&hellip;]\" \/>\n<meta property=\"og:url\" content=\"https:\/\/lakpa.cl\/asesores\/\" \/>\n<meta property=\"og:site_name\" content=\"Lakpa\" \/>\n<meta property=\"article:modified_time\" content=\"2023-06-27T13:49:20+00:00\" \/>\n<meta name=\"twitter:card\" content=\"summary_large_image\" \/>\n<meta name=\"twitter:label1\" content=\"Est. reading time\" \/>\n\t<meta name=\"twitter:data1\" content=\"1 minute\" \/>\n<script type=\"application\/ld+json\" class=\"yoast-schema-graph\">{\"@context\":\"https:\/\/schema.org\",\"@graph\":[{\"@type\":\"WebPage\",\"@id\":\"https:\/\/lakpa.cl\/asesores\/\",\"url\":\"https:\/\/lakpa.cl\/asesores\/\",\"name\":\"Asesores - Lakpa\",\"isPartOf\":{\"@id\":\"https:\/\/lakpa.cl\/#website\"},\"datePublished\":\"2023-05-17T20:35:57+00:00\",\"dateModified\":\"2023-06-27T13:49:20+00:00\",\"breadcrumb\":{\"@id\":\"https:\/\/lakpa.cl\/asesores\/#breadcrumb\"},\"inLanguage\":\"en-US\",\"potentialAction\":[{\"@type\":\"ReadAction\",\"target\":[\"https:\/\/lakpa.cl\/asesores\/\"]}]},{\"@type\":\"BreadcrumbList\",\"@id\":\"https:\/\/lakpa.cl\/asesores\/#breadcrumb\",\"itemListElement\":[{\"@type\":\"ListItem\",\"position\":1,\"name\":\"Inicio\",\"item\":\"https:\/\/lakpa.cl\/\"},{\"@type\":\"ListItem\",\"position\":2,\"name\":\"Asesores\"}]},{\"@type\":\"WebSite\",\"@id\":\"https:\/\/lakpa.cl\/#website\",\"url\":\"https:\/\/lakpa.cl\/\",\"name\":\"Lakpa\",\"description\":\"\",\"potentialAction\":[{\"@type\":\"SearchAction\",\"target\":{\"@type\":\"EntryPoint\",\"urlTemplate\":\"https:\/\/lakpa.cl\/?s={search_term_string}\"},\"query-input\":\"required name=search_term_string\"}],\"inLanguage\":\"en-US\"}]}<\/script>\n<!-- \/ Yoast SEO plugin. -->","yoast_head_json":{"title":"Asesores - Lakpa","robots":{"index":"index","follow":"follow","max-snippet":"max-snippet:-1","max-image-preview":"max-image-preview:large","max-video-preview":"max-video-preview:-1"},"canonical":"https:\/\/lakpa.cl\/asesores\/","og_locale":"en_US","og_type":"article","og_title":"Asesores - Lakpa","og_description":"Asesores \u00a1Transf\u00f3rmate en un asesor LAKPA! Capitaliza tu experiencia La independencia es una tendencia global en la asesor\u00eda financiera. En LAKPA sabemos el valor de tu trabajo, sabemos c\u00f3mo potenciarlo y agregar valor a tus clientes. Beneficios de independizarte con LAKPA Desarrollo tecnol\u00f3gico Nuestra plataforma permite consolidar, gestionar y hacer seguimiento a todos tus clientes [&hellip;]","og_url":"https:\/\/lakpa.cl\/asesores\/","og_site_name":"Lakpa","article_modified_time":"2023-06-27T13:49:20+00:00","twitter_card":"summary_large_image","twitter_misc":{"Est. reading time":"1 minute"},"schema":{"@context":"https:\/\/schema.org","@graph":[{"@type":"WebPage","@id":"https:\/\/lakpa.cl\/asesores\/","url":"https:\/\/lakpa.cl\/asesores\/","name":"Asesores - Lakpa","isPartOf":{"@id":"https:\/\/lakpa.cl\/#website"},"datePublished":"2023-05-17T20:35:57+00:00","dateModified":"2023-06-27T13:49:20+00:00","breadcrumb":{"@id":"https:\/\/lakpa.cl\/asesores\/#breadcrumb"},"inLanguage":"en-US","potentialAction":[{"@type":"ReadAction","target":["https:\/\/lakpa.cl\/asesores\/"]}]},{"@type":"BreadcrumbList","@id":"https:\/\/lakpa.cl\/asesores\/#breadcrumb","itemListElement":[{"@type":"ListItem","position":1,"name":"Inicio","item":"https:\/\/lakpa.cl\/"},{"@type":"ListItem","position":2,"name":"Asesores"}]},{"@type":"WebSite","@id":"https:\/\/lakpa.cl\/#website","url":"https:\/\/lakpa.cl\/","name":"Lakpa","description":"","potentialAction":[{"@type":"SearchAction","target":{"@type":"EntryPoint","urlTemplate":"https:\/\/lakpa.cl\/?s={search_term_string}"},"query-input":"required name=search_term_string"}],"inLanguage":"en-US"}]}},"_links":{"self":[{"href":"https:\/\/lakpa.cl\/en\/wp-json\/wp\/v2\/pages\/560"}],"collection":[{"href":"https:\/\/lakpa.cl\/en\/wp-json\/wp\/v2\/pages"}],"about":[{"href":"https:\/\/lakpa.cl\/en\/wp-json\/wp\/v2\/types\/page"}],"author":[{"embeddable":true,"href":"https:\/\/lakpa.cl\/en\/wp-json\/wp\/v2\/users\/1"}],"replies":[{"embeddable":true,"href":"https:\/\/lakpa.cl\/en\/wp-json\/wp\/v2\/comments?post=560"}],"version-history":[{"count":10,"href":"https:\/\/lakpa.cl\/en\/wp-json\/wp\/v2\/pages\/560\/revisions"}],"predecessor-version":[{"id":1673,"href":"https:\/\/lakpa.cl\/en\/wp-json\/wp\/v2\/pages\/560\/revisions\/1673"}],"wp:attachment":[{"href":"https:\/\/lakpa.cl\/en\/wp-json\/wp\/v2\/media?parent=560"}],"curies":[{"name":"wp","href":"https:\/\/api.w.org\/{rel}","templated":true}]}}