{"id":465,"date":"2023-05-17T11:41:58","date_gmt":"2023-05-17T15:41:58","guid":{"rendered":"http:\/\/localhost:8080\/?page_id=465"},"modified":"2023-07-21T13:08:40","modified_gmt":"2023-07-21T17:08:40","slug":"como-lo-hacemos","status":"publish","type":"page","link":"https:\/\/lakpa.cl\/en\/como-lo-hacemos\/","title":{"rendered":"C\u00f3mo lo hacemos"},"content":{"rendered":"<p>C\u00f3mo lo hacemos A trav\u00e9s de tecnolog\u00eda y una amplia oferta de productos, apoyamos a asesores financieros independientes y sus clientes 30 Apoyamos a los asesores financieros En LAKPA nuestros partners obtienen el soporte y respaldo para desarrollar su propio negocio, &#8220;la independencia&#8221;.  Nuestro modelo Estrategia Contamos con estrategia propia y de la industria, para construir soluciones \u00fanicas a cada cliente Plataforma Software especialmente dise\u00f1ado para gestionar la cartera de clientes en forma individual o consolidada. Infraestructura Tecnolog\u00eda, ambiente co-work, seguridad de la informaci\u00f3n y todo lo  necesario para atender clientes de forma presencial o remota. Colaboraci\u00f3n Nuestra plataforma permite que los Asesores de Inversi\u00f3n se beneficien del trabajo conjunto. Operacional  Sistema de gesti\u00f3n, ejecuci\u00f3n y respaldo de \u00f3rdenes de clientes. Productos y servicios Ahorro Contamos con la m\u00e1s amplia oferta de productos y servicios que permiten construir soluciones de ahorro adecuadas a cada perfil de cliente. Inversi\u00f3n Procuramos poner a disposici\u00f3n de nuestros asesores y sus clientes las mejores instituciones en el mercado local e internacional. Ahorro Previsional Voluntario Diversas soluciones en el mercado local e internacional orientadas a cumplir con los objetivos de ahorro para la vejez. Creamos alianzas para ofrecer los mejores productos Establecimos acuerdos comerciales con m\u00e1s de 30 instituciones locales e internacionales para poner a disposici\u00f3n de nuestros asesores y clientes una gran variedad de servicios y productos, que muchas veces no estaban al alcance de todos. Conocimiento colaborativo Escuchamos y aprendemos de la experiencia y conocimiento de todos nuestros partners. Desarrollamos acciones que permitan cumplir con sus necesidades y as\u00ed apoyar relaciones de largo plazo con cada cliente. Asesores Transf\u00f3rmate en un asesor LAKPA Clientes Ventajas de ser un cliente LAKPA<\/p>\n","protected":false},"excerpt":{"rendered":"<p>C\u00f3mo lo hacemos A trav\u00e9s de tecnolog\u00eda y una amplia oferta de productos, apoyamos a asesores financieros independientes y sus clientes 30 Apoyamos a los asesores financieros En LAKPA nuestros partners obtienen el soporte y respaldo para desarrollar su propio negocio, &#8220;la independencia&#8221;. Nuestro modelo Estrategia Contamos con estrategia propia y de la industria, para [&hellip;]<\/p>\n","protected":false},"author":1,"featured_media":0,"parent":0,"menu_order":0,"comment_status":"closed","ping_status":"closed","template":"modules-template","meta":[],"acf":[],"yoast_head":"<!-- This site is optimized with the Yoast SEO plugin v20.8 - https:\/\/yoast.com\/wordpress\/plugins\/seo\/ -->\n<title>C\u00f3mo lo hacemos - Lakpa<\/title>\n<meta name=\"robots\" content=\"index, follow, max-snippet:-1, max-image-preview:large, max-video-preview:-1\" \/>\n<link rel=\"canonical\" href=\"https:\/\/lakpa.cl\/como-lo-hacemos\/\" \/>\n<meta property=\"og:locale\" content=\"en_US\" \/>\n<meta property=\"og:type\" content=\"article\" \/>\n<meta property=\"og:title\" content=\"C\u00f3mo lo hacemos - Lakpa\" \/>\n<meta property=\"og:description\" content=\"C\u00f3mo lo hacemos A trav\u00e9s de tecnolog\u00eda y una amplia oferta de productos, apoyamos a asesores financieros independientes y sus clientes 30 Apoyamos a los asesores financieros En LAKPA nuestros partners obtienen el soporte y respaldo para desarrollar su propio negocio, &#8220;la independencia&#8221;. Nuestro modelo Estrategia Contamos con estrategia propia y de la industria, para [&hellip;]\" \/>\n<meta property=\"og:url\" content=\"https:\/\/lakpa.cl\/como-lo-hacemos\/\" \/>\n<meta property=\"og:site_name\" content=\"Lakpa\" \/>\n<meta property=\"article:modified_time\" content=\"2023-07-21T17:08:40+00:00\" \/>\n<meta name=\"twitter:card\" content=\"summary_large_image\" \/>\n<meta name=\"twitter:label1\" content=\"Est. reading time\" \/>\n\t<meta name=\"twitter:data1\" content=\"2 minutes\" \/>\n<script type=\"application\/ld+json\" class=\"yoast-schema-graph\">{\"@context\":\"https:\/\/schema.org\",\"@graph\":[{\"@type\":\"WebPage\",\"@id\":\"https:\/\/lakpa.cl\/como-lo-hacemos\/\",\"url\":\"https:\/\/lakpa.cl\/como-lo-hacemos\/\",\"name\":\"C\u00f3mo lo hacemos - Lakpa\",\"isPartOf\":{\"@id\":\"https:\/\/lakpa.cl\/#website\"},\"datePublished\":\"2023-05-17T15:41:58+00:00\",\"dateModified\":\"2023-07-21T17:08:40+00:00\",\"breadcrumb\":{\"@id\":\"https:\/\/lakpa.cl\/como-lo-hacemos\/#breadcrumb\"},\"inLanguage\":\"en-US\",\"potentialAction\":[{\"@type\":\"ReadAction\",\"target\":[\"https:\/\/lakpa.cl\/como-lo-hacemos\/\"]}]},{\"@type\":\"BreadcrumbList\",\"@id\":\"https:\/\/lakpa.cl\/como-lo-hacemos\/#breadcrumb\",\"itemListElement\":[{\"@type\":\"ListItem\",\"position\":1,\"name\":\"Inicio\",\"item\":\"https:\/\/lakpa.cl\/\"},{\"@type\":\"ListItem\",\"position\":2,\"name\":\"C\u00f3mo lo hacemos\"}]},{\"@type\":\"WebSite\",\"@id\":\"https:\/\/lakpa.cl\/#website\",\"url\":\"https:\/\/lakpa.cl\/\",\"name\":\"Lakpa\",\"description\":\"\",\"potentialAction\":[{\"@type\":\"SearchAction\",\"target\":{\"@type\":\"EntryPoint\",\"urlTemplate\":\"https:\/\/lakpa.cl\/?s={search_term_string}\"},\"query-input\":\"required name=search_term_string\"}],\"inLanguage\":\"en-US\"}]}<\/script>\n<!-- \/ Yoast SEO plugin. -->","yoast_head_json":{"title":"C\u00f3mo lo hacemos - Lakpa","robots":{"index":"index","follow":"follow","max-snippet":"max-snippet:-1","max-image-preview":"max-image-preview:large","max-video-preview":"max-video-preview:-1"},"canonical":"https:\/\/lakpa.cl\/como-lo-hacemos\/","og_locale":"en_US","og_type":"article","og_title":"C\u00f3mo lo hacemos - Lakpa","og_description":"C\u00f3mo lo hacemos A trav\u00e9s de tecnolog\u00eda y una amplia oferta de productos, apoyamos a asesores financieros independientes y sus clientes 30 Apoyamos a los asesores financieros En LAKPA nuestros partners obtienen el soporte y respaldo para desarrollar su propio negocio, &#8220;la independencia&#8221;. Nuestro modelo Estrategia Contamos con estrategia propia y de la industria, para [&hellip;]","og_url":"https:\/\/lakpa.cl\/como-lo-hacemos\/","og_site_name":"Lakpa","article_modified_time":"2023-07-21T17:08:40+00:00","twitter_card":"summary_large_image","twitter_misc":{"Est. reading time":"2 minutes"},"schema":{"@context":"https:\/\/schema.org","@graph":[{"@type":"WebPage","@id":"https:\/\/lakpa.cl\/como-lo-hacemos\/","url":"https:\/\/lakpa.cl\/como-lo-hacemos\/","name":"C\u00f3mo lo hacemos - Lakpa","isPartOf":{"@id":"https:\/\/lakpa.cl\/#website"},"datePublished":"2023-05-17T15:41:58+00:00","dateModified":"2023-07-21T17:08:40+00:00","breadcrumb":{"@id":"https:\/\/lakpa.cl\/como-lo-hacemos\/#breadcrumb"},"inLanguage":"en-US","potentialAction":[{"@type":"ReadAction","target":["https:\/\/lakpa.cl\/como-lo-hacemos\/"]}]},{"@type":"BreadcrumbList","@id":"https:\/\/lakpa.cl\/como-lo-hacemos\/#breadcrumb","itemListElement":[{"@type":"ListItem","position":1,"name":"Inicio","item":"https:\/\/lakpa.cl\/"},{"@type":"ListItem","position":2,"name":"C\u00f3mo lo hacemos"}]},{"@type":"WebSite","@id":"https:\/\/lakpa.cl\/#website","url":"https:\/\/lakpa.cl\/","name":"Lakpa","description":"","potentialAction":[{"@type":"SearchAction","target":{"@type":"EntryPoint","urlTemplate":"https:\/\/lakpa.cl\/?s={search_term_string}"},"query-input":"required name=search_term_string"}],"inLanguage":"en-US"}]}},"_links":{"self":[{"href":"https:\/\/lakpa.cl\/en\/wp-json\/wp\/v2\/pages\/465"}],"collection":[{"href":"https:\/\/lakpa.cl\/en\/wp-json\/wp\/v2\/pages"}],"about":[{"href":"https:\/\/lakpa.cl\/en\/wp-json\/wp\/v2\/types\/page"}],"author":[{"embeddable":true,"href":"https:\/\/lakpa.cl\/en\/wp-json\/wp\/v2\/users\/1"}],"replies":[{"embeddable":true,"href":"https:\/\/lakpa.cl\/en\/wp-json\/wp\/v2\/comments?post=465"}],"version-history":[{"count":18,"href":"https:\/\/lakpa.cl\/en\/wp-json\/wp\/v2\/pages\/465\/revisions"}],"predecessor-version":[{"id":1736,"href":"https:\/\/lakpa.cl\/en\/wp-json\/wp\/v2\/pages\/465\/revisions\/1736"}],"wp:attachment":[{"href":"https:\/\/lakpa.cl\/en\/wp-json\/wp\/v2\/media?parent=465"}],"curies":[{"name":"wp","href":"https:\/\/api.w.org\/{rel}","templated":true}]}}