{"id":20,"date":"2023-04-24T18:30:41","date_gmt":"2023-04-24T22:30:41","guid":{"rendered":"http:\/\/localhost:8080\/?page_id=20"},"modified":"2024-12-20T16:07:05","modified_gmt":"2024-12-20T20:07:05","slug":"inicio","status":"publish","type":"page","link":"https:\/\/lakpa.cl\/en\/","title":{"rendered":"Inicio"},"content":{"rendered":"<p>Bienvenido a la mayor comunidad de <strong>Asesores Financieros Independientes<\/strong> de Chile Una Nueva forma de gestionar Inversiones Nuestro desarrollo tecnol\u00f3gico rompe paradigmas de la asesor\u00eda de inversi\u00f3n; los asesores pueden realizar su labor de forma independiente y todos los clientes pueden optar a los mejores productos de inversi\u00f3n. \u00a1Transf\u00f3rmate en un asesor de inversiones independiente con el<strong> respaldo y soporte de LAKPA!<\/strong> Plataforma de Inversiones El continuo dise\u00f1o de nuestra plataforma de inversiones tiene foco tanto en la gesti\u00f3n y eficiencia de nuestros asesores independientes, como en la consolidaci\u00f3n de la informaci\u00f3n de inversiones de sus clientes. Comunidad Colaborativa Nuestra comunidad de asesores independientes trabaja colaborativamente para obtener las mejores condiciones y productos para sus clientes. Relaci\u00f3n de confianza LAKPA es una instituci\u00f3n regulada por la Comisi\u00f3n para el Mercado Financiero (CMF), trabaja con las mejores instituciones financieras locales e internacionales. Con LAKPA, nuestros clientes <strong>logran sus objetivos financieros<\/strong> Oferta de productos El equipo de estrategia en inversiones de LAKPA cuenta con 100% independencia para recomendar los mejores productos de inversi\u00f3n en el mercado y que tus clientes puedan acceder a ellos Riesgos y Seguridad Las inversiones estar\u00e1n siempre custodiadas en la solidez de las reconocidas instituciones financieras con quienes tenemos acuerdos Costos Los clientes de LAKPA no asumen mayores costos. Son las instituciones financieras quienes retribuyen nuestro servicio de referenciamiento. <\/p>\n<h1>Nuestras convicciones <strong>en LAKPA<\/strong><\/h1>\n<p> Asesores independientes \u00a1Sabemos que los mejores asesores de inversi\u00f3n cuentan con la confianza de sus clientes y que, apoyados con la tecnolog\u00eda, pueden entregar un mejor servicio de forma independiente! Sin conflictos ni limitaciones. Democratizaci\u00f3n del acceso a las inversiones Un pilar fundamental de nuestro modelo es la \u00a1libertad de elegir! Elegir mis objetivos, qu\u00e9 productos ofrecer, con qu\u00e9 instituci\u00f3n financiera trabajar y esa libertad est\u00e1 al servicio de los clientes. Buscando siempre lo mejor tanto para asesores como para clientes. Es por eso que en LAKPA hemos desarrollado tanto la tecnolog\u00eda como los servicios que soportan esa libertad. Econom\u00eda Colaborativa Nuestra plataforma permite que los Asesores de Inversi\u00f3n se beneficien del trabajo conjunto, generando la eficiencia y flexibilidad necesaria para alcanzar los objetivos del cliente. Novedades de Lakpa Art\u00edculos y consejos Noticias Nuestros acuerdos 30<\/p>\n","protected":false},"excerpt":{"rendered":"<p>Bienvenido a la mayor comunidad de Asesores Financieros Independientes de Chile Una Nueva forma de gestionar Inversiones Nuestro desarrollo tecnol\u00f3gico rompe paradigmas de la asesor\u00eda de inversi\u00f3n; los asesores pueden realizar su labor de forma independiente y todos los clientes pueden optar a los mejores productos de inversi\u00f3n. \u00a1Transf\u00f3rmate en un asesor de inversiones independiente [&hellip;]<\/p>\n","protected":false},"author":1,"featured_media":0,"parent":0,"menu_order":0,"comment_status":"closed","ping_status":"closed","template":"modules-template","meta":[],"acf":[],"yoast_head":"<!-- This site is optimized with the Yoast SEO plugin v20.8 - https:\/\/yoast.com\/wordpress\/plugins\/seo\/ -->\n<title>Inicio - Lakpa<\/title>\n<meta name=\"robots\" content=\"index, follow, max-snippet:-1, max-image-preview:large, max-video-preview:-1\" \/>\n<link rel=\"canonical\" href=\"https:\/\/lakpa.cl\/\" \/>\n<meta property=\"og:locale\" content=\"en_US\" \/>\n<meta property=\"og:type\" content=\"article\" \/>\n<meta property=\"og:title\" content=\"Inicio - Lakpa\" \/>\n<meta property=\"og:description\" content=\"Bienvenido a la mayor comunidad de Asesores Financieros Independientes de Chile Una Nueva forma de gestionar Inversiones Nuestro desarrollo tecnol\u00f3gico rompe paradigmas de la asesor\u00eda de inversi\u00f3n; los asesores pueden realizar su labor de forma independiente y todos los clientes pueden optar a los mejores productos de inversi\u00f3n. \u00a1Transf\u00f3rmate en un asesor de inversiones independiente [&hellip;]\" \/>\n<meta property=\"og:url\" content=\"https:\/\/lakpa.cl\/\" \/>\n<meta property=\"og:site_name\" content=\"Lakpa\" \/>\n<meta property=\"article:modified_time\" content=\"2024-12-20T20:07:05+00:00\" \/>\n<meta name=\"twitter:card\" content=\"summary_large_image\" \/>\n<meta name=\"twitter:label1\" content=\"Est. reading time\" \/>\n\t<meta name=\"twitter:data1\" content=\"2 minutes\" \/>\n<script type=\"application\/ld+json\" class=\"yoast-schema-graph\">{\"@context\":\"https:\/\/schema.org\",\"@graph\":[{\"@type\":\"WebPage\",\"@id\":\"https:\/\/lakpa.cl\/\",\"url\":\"https:\/\/lakpa.cl\/\",\"name\":\"Inicio - Lakpa\",\"isPartOf\":{\"@id\":\"https:\/\/lakpa.cl\/#website\"},\"datePublished\":\"2023-04-24T22:30:41+00:00\",\"dateModified\":\"2024-12-20T20:07:05+00:00\",\"breadcrumb\":{\"@id\":\"https:\/\/lakpa.cl\/#breadcrumb\"},\"inLanguage\":\"en-US\",\"potentialAction\":[{\"@type\":\"ReadAction\",\"target\":[\"https:\/\/lakpa.cl\/\"]}]},{\"@type\":\"BreadcrumbList\",\"@id\":\"https:\/\/lakpa.cl\/#breadcrumb\",\"itemListElement\":[{\"@type\":\"ListItem\",\"position\":1,\"name\":\"Inicio\",\"item\":\"https:\/\/lakpa.cl\/\"},{\"@type\":\"ListItem\",\"position\":2,\"name\":\"Inicio\"}]},{\"@type\":\"WebSite\",\"@id\":\"https:\/\/lakpa.cl\/#website\",\"url\":\"https:\/\/lakpa.cl\/\",\"name\":\"Lakpa\",\"description\":\"\",\"potentialAction\":[{\"@type\":\"SearchAction\",\"target\":{\"@type\":\"EntryPoint\",\"urlTemplate\":\"https:\/\/lakpa.cl\/?s={search_term_string}\"},\"query-input\":\"required name=search_term_string\"}],\"inLanguage\":\"en-US\"}]}<\/script>\n<!-- \/ Yoast SEO plugin. -->","yoast_head_json":{"title":"Inicio - Lakpa","robots":{"index":"index","follow":"follow","max-snippet":"max-snippet:-1","max-image-preview":"max-image-preview:large","max-video-preview":"max-video-preview:-1"},"canonical":"https:\/\/lakpa.cl\/","og_locale":"en_US","og_type":"article","og_title":"Inicio - Lakpa","og_description":"Bienvenido a la mayor comunidad de Asesores Financieros Independientes de Chile Una Nueva forma de gestionar Inversiones Nuestro desarrollo tecnol\u00f3gico rompe paradigmas de la asesor\u00eda de inversi\u00f3n; los asesores pueden realizar su labor de forma independiente y todos los clientes pueden optar a los mejores productos de inversi\u00f3n. \u00a1Transf\u00f3rmate en un asesor de inversiones independiente [&hellip;]","og_url":"https:\/\/lakpa.cl\/","og_site_name":"Lakpa","article_modified_time":"2024-12-20T20:07:05+00:00","twitter_card":"summary_large_image","twitter_misc":{"Est. reading time":"2 minutes"},"schema":{"@context":"https:\/\/schema.org","@graph":[{"@type":"WebPage","@id":"https:\/\/lakpa.cl\/","url":"https:\/\/lakpa.cl\/","name":"Inicio - Lakpa","isPartOf":{"@id":"https:\/\/lakpa.cl\/#website"},"datePublished":"2023-04-24T22:30:41+00:00","dateModified":"2024-12-20T20:07:05+00:00","breadcrumb":{"@id":"https:\/\/lakpa.cl\/#breadcrumb"},"inLanguage":"en-US","potentialAction":[{"@type":"ReadAction","target":["https:\/\/lakpa.cl\/"]}]},{"@type":"BreadcrumbList","@id":"https:\/\/lakpa.cl\/#breadcrumb","itemListElement":[{"@type":"ListItem","position":1,"name":"Inicio","item":"https:\/\/lakpa.cl\/"},{"@type":"ListItem","position":2,"name":"Inicio"}]},{"@type":"WebSite","@id":"https:\/\/lakpa.cl\/#website","url":"https:\/\/lakpa.cl\/","name":"Lakpa","description":"","potentialAction":[{"@type":"SearchAction","target":{"@type":"EntryPoint","urlTemplate":"https:\/\/lakpa.cl\/?s={search_term_string}"},"query-input":"required name=search_term_string"}],"inLanguage":"en-US"}]}},"_links":{"self":[{"href":"https:\/\/lakpa.cl\/en\/wp-json\/wp\/v2\/pages\/20"}],"collection":[{"href":"https:\/\/lakpa.cl\/en\/wp-json\/wp\/v2\/pages"}],"about":[{"href":"https:\/\/lakpa.cl\/en\/wp-json\/wp\/v2\/types\/page"}],"author":[{"embeddable":true,"href":"https:\/\/lakpa.cl\/en\/wp-json\/wp\/v2\/users\/1"}],"replies":[{"embeddable":true,"href":"https:\/\/lakpa.cl\/en\/wp-json\/wp\/v2\/comments?post=20"}],"version-history":[{"count":44,"href":"https:\/\/lakpa.cl\/en\/wp-json\/wp\/v2\/pages\/20\/revisions"}],"predecessor-version":[{"id":1942,"href":"https:\/\/lakpa.cl\/en\/wp-json\/wp\/v2\/pages\/20\/revisions\/1942"}],"wp:attachment":[{"href":"https:\/\/lakpa.cl\/en\/wp-json\/wp\/v2\/media?parent=20"}],"curies":[{"name":"wp","href":"https:\/\/api.w.org\/{rel}","templated":true}]}}