{"id":1947,"date":"2025-01-15T15:18:22","date_gmt":"2025-01-15T19:18:22","guid":{"rendered":"https:\/\/lakpa.cl\/?page_id=1947"},"modified":"2025-01-17T14:50:24","modified_gmt":"2025-01-17T18:50:24","slug":"reclamaciones","status":"publish","type":"page","link":"https:\/\/lakpa.cl\/en\/centro-de-ayuda\/reclamaciones\/","title":{"rendered":"Reclamaciones"},"content":{"rendered":"<p>Reclamaciones Si necesitas adjuntar alg\u00fan archivo que soporte tu reclamaci\u00f3n, env\u00edala al correo compliance@lakpa.cl 90<\/p>\n","protected":false},"excerpt":{"rendered":"<p>Reclamaciones Si necesitas adjuntar alg\u00fan archivo que soporte tu reclamaci\u00f3n, env\u00edala al correo compliance@lakpa.cl 90<\/p>\n","protected":false},"author":3,"featured_media":0,"parent":886,"menu_order":1,"comment_status":"closed","ping_status":"closed","template":"modules-template","meta":[],"acf":[],"yoast_head":"<!-- This site is optimized with the Yoast SEO plugin v20.8 - https:\/\/yoast.com\/wordpress\/plugins\/seo\/ -->\n<title>Reclamaciones - Lakpa<\/title>\n<meta name=\"robots\" content=\"index, follow, max-snippet:-1, max-image-preview:large, max-video-preview:-1\" \/>\n<link rel=\"canonical\" href=\"https:\/\/lakpa.cl\/centro-de-ayuda\/reclamaciones\/\" \/>\n<meta property=\"og:locale\" content=\"en_US\" \/>\n<meta property=\"og:type\" content=\"article\" \/>\n<meta property=\"og:title\" content=\"Reclamaciones - Lakpa\" \/>\n<meta property=\"og:description\" content=\"Reclamaciones Si necesitas adjuntar alg\u00fan archivo que soporte tu reclamaci\u00f3n, env\u00edala al correo compliance@lakpa.cl 90\" \/>\n<meta property=\"og:url\" content=\"https:\/\/lakpa.cl\/centro-de-ayuda\/reclamaciones\/\" \/>\n<meta property=\"og:site_name\" content=\"Lakpa\" \/>\n<meta property=\"article:modified_time\" content=\"2025-01-17T18:50:24+00:00\" \/>\n<meta name=\"twitter:card\" content=\"summary_large_image\" \/>\n<meta name=\"twitter:label1\" content=\"Est. reading time\" \/>\n\t<meta name=\"twitter:data1\" content=\"1 minute\" \/>\n<script type=\"application\/ld+json\" class=\"yoast-schema-graph\">{\"@context\":\"https:\/\/schema.org\",\"@graph\":[{\"@type\":\"WebPage\",\"@id\":\"https:\/\/lakpa.cl\/centro-de-ayuda\/reclamaciones\/\",\"url\":\"https:\/\/lakpa.cl\/centro-de-ayuda\/reclamaciones\/\",\"name\":\"Reclamaciones - Lakpa\",\"isPartOf\":{\"@id\":\"https:\/\/lakpa.cl\/#website\"},\"datePublished\":\"2025-01-15T19:18:22+00:00\",\"dateModified\":\"2025-01-17T18:50:24+00:00\",\"breadcrumb\":{\"@id\":\"https:\/\/lakpa.cl\/centro-de-ayuda\/reclamaciones\/#breadcrumb\"},\"inLanguage\":\"en-US\",\"potentialAction\":[{\"@type\":\"ReadAction\",\"target\":[\"https:\/\/lakpa.cl\/centro-de-ayuda\/reclamaciones\/\"]}]},{\"@type\":\"BreadcrumbList\",\"@id\":\"https:\/\/lakpa.cl\/centro-de-ayuda\/reclamaciones\/#breadcrumb\",\"itemListElement\":[{\"@type\":\"ListItem\",\"position\":1,\"name\":\"Inicio\",\"item\":\"https:\/\/lakpa.cl\/\"},{\"@type\":\"ListItem\",\"position\":2,\"name\":\"Centro de ayuda\",\"item\":\"https:\/\/lakpa.cl\/centro-de-ayuda\/\"},{\"@type\":\"ListItem\",\"position\":3,\"name\":\"Reclamaciones\"}]},{\"@type\":\"WebSite\",\"@id\":\"https:\/\/lakpa.cl\/#website\",\"url\":\"https:\/\/lakpa.cl\/\",\"name\":\"Lakpa\",\"description\":\"\",\"potentialAction\":[{\"@type\":\"SearchAction\",\"target\":{\"@type\":\"EntryPoint\",\"urlTemplate\":\"https:\/\/lakpa.cl\/?s={search_term_string}\"},\"query-input\":\"required name=search_term_string\"}],\"inLanguage\":\"en-US\"}]}<\/script>\n<!-- \/ Yoast SEO plugin. -->","yoast_head_json":{"title":"Reclamaciones - Lakpa","robots":{"index":"index","follow":"follow","max-snippet":"max-snippet:-1","max-image-preview":"max-image-preview:large","max-video-preview":"max-video-preview:-1"},"canonical":"https:\/\/lakpa.cl\/centro-de-ayuda\/reclamaciones\/","og_locale":"en_US","og_type":"article","og_title":"Reclamaciones - Lakpa","og_description":"Reclamaciones Si necesitas adjuntar alg\u00fan archivo que soporte tu reclamaci\u00f3n, env\u00edala al correo compliance@lakpa.cl 90","og_url":"https:\/\/lakpa.cl\/centro-de-ayuda\/reclamaciones\/","og_site_name":"Lakpa","article_modified_time":"2025-01-17T18:50:24+00:00","twitter_card":"summary_large_image","twitter_misc":{"Est. reading time":"1 minute"},"schema":{"@context":"https:\/\/schema.org","@graph":[{"@type":"WebPage","@id":"https:\/\/lakpa.cl\/centro-de-ayuda\/reclamaciones\/","url":"https:\/\/lakpa.cl\/centro-de-ayuda\/reclamaciones\/","name":"Reclamaciones - Lakpa","isPartOf":{"@id":"https:\/\/lakpa.cl\/#website"},"datePublished":"2025-01-15T19:18:22+00:00","dateModified":"2025-01-17T18:50:24+00:00","breadcrumb":{"@id":"https:\/\/lakpa.cl\/centro-de-ayuda\/reclamaciones\/#breadcrumb"},"inLanguage":"en-US","potentialAction":[{"@type":"ReadAction","target":["https:\/\/lakpa.cl\/centro-de-ayuda\/reclamaciones\/"]}]},{"@type":"BreadcrumbList","@id":"https:\/\/lakpa.cl\/centro-de-ayuda\/reclamaciones\/#breadcrumb","itemListElement":[{"@type":"ListItem","position":1,"name":"Inicio","item":"https:\/\/lakpa.cl\/"},{"@type":"ListItem","position":2,"name":"Centro de ayuda","item":"https:\/\/lakpa.cl\/centro-de-ayuda\/"},{"@type":"ListItem","position":3,"name":"Reclamaciones"}]},{"@type":"WebSite","@id":"https:\/\/lakpa.cl\/#website","url":"https:\/\/lakpa.cl\/","name":"Lakpa","description":"","potentialAction":[{"@type":"SearchAction","target":{"@type":"EntryPoint","urlTemplate":"https:\/\/lakpa.cl\/?s={search_term_string}"},"query-input":"required name=search_term_string"}],"inLanguage":"en-US"}]}},"_links":{"self":[{"href":"https:\/\/lakpa.cl\/en\/wp-json\/wp\/v2\/pages\/1947"}],"collection":[{"href":"https:\/\/lakpa.cl\/en\/wp-json\/wp\/v2\/pages"}],"about":[{"href":"https:\/\/lakpa.cl\/en\/wp-json\/wp\/v2\/types\/page"}],"author":[{"embeddable":true,"href":"https:\/\/lakpa.cl\/en\/wp-json\/wp\/v2\/users\/3"}],"replies":[{"embeddable":true,"href":"https:\/\/lakpa.cl\/en\/wp-json\/wp\/v2\/comments?post=1947"}],"version-history":[{"count":4,"href":"https:\/\/lakpa.cl\/en\/wp-json\/wp\/v2\/pages\/1947\/revisions"}],"predecessor-version":[{"id":1954,"href":"https:\/\/lakpa.cl\/en\/wp-json\/wp\/v2\/pages\/1947\/revisions\/1954"}],"up":[{"embeddable":true,"href":"https:\/\/lakpa.cl\/en\/wp-json\/wp\/v2\/pages\/886"}],"wp:attachment":[{"href":"https:\/\/lakpa.cl\/en\/wp-json\/wp\/v2\/media?parent=1947"}],"curies":[{"name":"wp","href":"https:\/\/api.w.org\/{rel}","templated":true}]}}